{"id":2331,"date":"2020-03-10T15:03:10","date_gmt":"2020-03-10T14:03:10","guid":{"rendered":"https:\/\/grainesdelumiere.com\/blog\/?page_id=2331"},"modified":"2020-05-09T12:24:32","modified_gmt":"2020-05-09T10:24:32","slug":"nos-ouvrages","status":"publish","type":"page","link":"https:\/\/grainesdelumiere.com\/blog\/nos-ouvrages\/","title":{"rendered":"Nos ouvrages"},"content":{"rendered":"<div class=\"wpb-content-wrapper\"><p>[vc_row][vc_column][vc_column_text]<\/p>\n<p style=\"text-align: center;\"><span style=\"font-family: Pacifico; font-size: 18pt;\">Retrouvez tous les r\u00e9sum\u00e9s de nos ouvrages sur cette page !\u00a0<\/span><\/p>\n<p>[\/vc_column_text][vc_empty_space][rev_slider alias=\u00a0\u00bbslider_051&Prime;][\/vc_column][\/vc_row][vc_row][vc_column][vc_empty_space][\/vc_column][\/vc_row][vc_row][vc_column width=\u00a0\u00bb1\/3&Prime;][vc_column_text]<\/p>\n<h1 style=\"text-align: center;\">Le secret de Chakir<\/h1>\n<p>[\/vc_column_text][vc_empty_space][vc_single_image image=\u00a0\u00bb1885&Prime; alignment=\u00a0\u00bbcenter\u00a0\u00bb][vc_empty_space][vc_column_text]<\/p>\n<p style=\"text-align: justify;\">Le c\u0153ur de Chakir s&#8217;emplit de joie et de fiert\u00e9 en voyant que son arbre a bien pouss\u00e9. Il se sent reconnaissant envers la nature qui a pris soin de sa graine et l&rsquo;a aid\u00e9 \u00e0 germer. Mais en voulant la remercier, Chakir d\u00e9couvre qu&rsquo;elle a un secret \u00e0 lui r\u00e9v\u00e9ler.<\/p>\n<p>[\/vc_column_text][\/vc_column][vc_column width=\u00a0\u00bb1\/3&Prime;][vc_column_text]<\/p>\n<h1 style=\"text-align: center;\"><span style=\"color: #000000;\">L&rsquo;invit\u00e9 de Chakir<\/span><\/h1>\n<p>[\/vc_column_text][vc_empty_space][vc_single_image image=\u00a0\u00bb2409&Prime; alignment=\u00a0\u00bbcenter\u00a0\u00bb][vc_empty_space][vc_column_text]<\/p>\n<p style=\"text-align: justify;\">Qu&rsquo;est-ce qui rend toute la famille si joyeuse par cette belle soir\u00e9e? Serait-ce l&rsquo;arriv\u00e9e de Ramadan? Mais qui est donc cet invit\u00e9 invisible dont tout le monde mais que Chakir ne voit nulle part? Tout le monde a l&rsquo;air tellement plus heureux depuis son arriv\u00e9e !<\/p>\n<p>[\/vc_column_text][\/vc_column][vc_column width=\u00a0\u00bb1\/3&Prime;][vc_column_text]<\/p>\n<h1 style=\"text-align: center;\">Agent tr\u00e8s sp\u00e9cial<\/h1>\n<p>[\/vc_column_text][vc_empty_space][vc_single_image image=\u00a0\u00bb2400&Prime; alignment=\u00a0\u00bbcenter\u00a0\u00bb][vc_empty_space][vc_column_text]<\/p>\n<p style=\"text-align: justify;\">Il y a quelques jours, j&rsquo;ai eu sept ans ! C&rsquo;est ce jour-l\u00e0 que tout a commenc\u00e9 ! C&rsquo;est ce jour-l\u00e0 que j&rsquo;ai pris conscience de l&rsquo;\u00e9tendue de mes pouvoirs et de l&rsquo;importance de ma mission ! Tu souhaites la conna\u00eetre ? Dans ce livre, je vais te r\u00e9v\u00e9ler tout ce qu&rsquo;un bon agent doit savoir !<\/p>\n<p>[\/vc_column_text][\/vc_column][\/vc_row][vc_row][vc_column][vc_column_text]<\/p>\n<p>&nbsp;<\/p>\n<p>&nbsp;<\/p>\n<p>[\/vc_column_text][\/vc_column][\/vc_row][vc_row][vc_column width=\u00a0\u00bb1\/3&Prime;][vc_btn title=\u00a0\u00bbL&rsquo;acheter\u00a0\u00bb color=\u00a0\u00bbpeacoc\u00a0\u00bb align=\u00a0\u00bbcenter\u00a0\u00bb link=\u00a0\u00bburl:https%3A%2F%2Fgrainesdelumiere.com%2Faccueil%2F13-le-secret-de-chakir.html||target:%20_blank\u00a0\u00bb][\/vc_column][vc_column width=\u00a0\u00bb1\/3&Prime;][vc_btn title=\u00a0\u00bbL&rsquo;acheter\u00a0\u00bb color=\u00a0\u00bbviolet\u00a0\u00bb align=\u00a0\u00bbcenter\u00a0\u00bb link=\u00a0\u00bburl:https%3A%2F%2Fgrainesdelumiere.com%2Faccueil%2F47-l-invite-de-chakir.html||target:%20_blank\u00a0\u00bb][\/vc_column][vc_column width=\u00a0\u00bb1\/3&Prime;][vc_btn title=\u00a0\u00bbL&rsquo;acheter\u00a0\u00bb color=\u00a0\u00bbsuccess\u00a0\u00bb align=\u00a0\u00bbcenter\u00a0\u00bb link=\u00a0\u00bburl:https%3A%2F%2Fgrainesdelumiere.com%2Faccueil%2F26-agent-tres-special.html||target:%20_blank\u00a0\u00bb][\/vc_column][\/vc_row][vc_row][vc_column][vc_column_text]<\/p>\n<p>&nbsp;<\/p>\n<p>[\/vc_column_text][\/vc_column][\/vc_row][vc_row][vc_column width=\u00a0\u00bb1\/3&Prime;][vc_column_text]<\/p>\n<h1 style=\"text-align: center;\">Si seulement tu apprenais \u00e0 m&rsquo;aimer&#8230;<\/h1>\n<p>[\/vc_column_text][vc_empty_space][vc_single_image image=\u00a0\u00bb1905&Prime; alignment=\u00a0\u00bbcenter\u00a0\u00bb][vc_empty_space][vc_column_text]<\/p>\n<p style=\"text-align: justify;\">Vous ne savez pas comment parler du Coran \u00e0 votre enfant ? Et si vous laissiez le Coran lui parler ? Gr\u00e2ce \u00e0 cet ouvrage votre enfant d\u00e9couvrira les merveilles du Coran \u00e0 travers un texte po\u00e9tique et des illustrations f\u00e9eriques.<\/p>\n<p>[\/vc_column_text][\/vc_column][vc_column width=\u00a0\u00bb1\/3&Prime;][vc_column_text]<\/p>\n<h1 style=\"text-align: center;\">La col\u00e8re du feu<\/h1>\n<p>[\/vc_column_text][vc_empty_space][vc_empty_space][vc_single_image image=\u00a0\u00bb2401&Prime; alignment=\u00a0\u00bbcenter\u00a0\u00bb][vc_empty_space][vc_column_text]<\/p>\n<p style=\"text-align: justify;\">Une dispute \u00e9clate dans la cour de la mosqu\u00e9e ! Heureusement, mouallima Sabrina a toujours une belle histoire pour aider ses \u00e9l\u00e8ves dans les situations difficiles. Gr\u00e2ce au r\u00e9cit d&rsquo;aujourd&rsquo;hui ils r\u00e9aliseront que la col\u00e8re peut-\u00eatre destructrice mais apprendront bien d&rsquo;autres choses encore !<\/p>\n<p>[\/vc_column_text][\/vc_column][vc_column width=\u00a0\u00bb1\/3&Prime;][vc_column_text]<\/p>\n<h1 style=\"text-align: center;\">Le grand voyage de Nuage<\/h1>\n<p>[\/vc_column_text][vc_empty_space][vc_empty_space][vc_single_image image=\u00a0\u00bb2402&Prime; alignment=\u00a0\u00bbcenter\u00a0\u00bb][vc_empty_space][vc_column_text]<\/p>\n<p style=\"text-align: justify;\">Accompagne Nuage dans son grand voyage ! Laisse-toi emporter par son ami Vent ! Au gr\u00e9 des rencontres, tu d\u00e9couvriras quelle incroyable mission Allah leur a confi\u00e9e !<\/p>\n<p>[\/vc_column_text][\/vc_column][\/vc_row][vc_row][vc_column][vc_column_text]<\/p>\n<p>&nbsp;<\/p>\n<p>[\/vc_column_text][\/vc_column][\/vc_row][vc_row][vc_column width=\u00a0\u00bb1\/3&Prime;][vc_btn title=\u00a0\u00bbL&rsquo;acheter\u00a0\u00bb color=\u00a0\u00bbviolet\u00a0\u00bb align=\u00a0\u00bbcenter\u00a0\u00bb link=\u00a0\u00bburl:https%3A%2F%2Fgrainesdelumiere.com%2Faccueil%2F42-si-seulement-tu-apprenais-a-m-aimer.html||target:%20_blank\u00a0\u00bb][\/vc_column][vc_column width=\u00a0\u00bb1\/3&Prime;][vc_btn title=\u00a0\u00bbL&rsquo;acheter\u00a0\u00bb color=\u00a0\u00bbwarning\u00a0\u00bb align=\u00a0\u00bbcenter\u00a0\u00bb link=\u00a0\u00bburl:https%3A%2F%2Fgrainesdelumiere.com%2Faccueil%2F51-la-colere-du-feu.html||target:%20_blank\u00a0\u00bb][\/vc_column][vc_column width=\u00a0\u00bb1\/3&Prime;][vc_btn title=\u00a0\u00bbL&rsquo;acheter\u00a0\u00bb color=\u00a0\u00bbsky\u00a0\u00bb align=\u00a0\u00bbcenter\u00a0\u00bb link=\u00a0\u00bburl:https%3A%2F%2Fgrainesdelumiere.com%2Faccueil%2F14-le-grand-voyage-de-nuage.html||target:%20_blank\u00a0\u00bb][\/vc_column][\/vc_row][vc_row][vc_column][vc_empty_space][\/vc_column][\/vc_row][vc_row][vc_column width=\u00a0\u00bb1\/3&Prime;][vc_column_text]<\/p>\n<p>&nbsp;<\/p>\n<p>&nbsp;<\/p>\n<p>[\/vc_column_text][\/vc_column][vc_column width=\u00a0\u00bb1\/3&Prime;][vc_column_text]<\/p>\n<p style=\"text-align: center;\"><span style=\"font-size: 24pt; font-family: Pacifico; color: #000000;\">Khalil et la col\u00e8re<\/span><\/p>\n<p>[\/vc_column_text][vc_empty_space][vc_single_image image=\u00a0\u00bb5552&Prime; alignment=\u00a0\u00bbcenter\u00a0\u00bb][vc_empty_space][vc_column_text]<\/p>\n<p style=\"text-align: justify;\">Khalil joue avec son petit fr\u00e8re, tout \u00e0 coup il ressent une \u00e9motion tr\u00e8s forte: la col\u00e8re. D\u00e9couvre comment Khalil, apprend avec l&rsquo;aide de son papa \u00e0 ma\u00eetriser cette \u00e9motion.<\/p>\n<div style=\"text-align: justify;\">Khalil et la col\u00e8re s&rsquo;inscrit dans une collection qui\u00a0 propose aux familles des outils pour accompagner l&rsquo;expression des \u00e9motions \u00e0 la lumi\u00e8re de la Sounna et des sciences modernes.<\/div>\n<p>[\/vc_column_text][\/vc_column][vc_column width=\u00a0\u00bb1\/3&Prime;][vc_column_text]<\/p>\n<p>&nbsp;<\/p>\n<p>&nbsp;<\/p>\n<p>[\/vc_column_text][\/vc_column][\/vc_row][vc_row][vc_column][vc_empty_space][\/vc_column][\/vc_row][vc_row][vc_column width=\u00a0\u00bb1\/3&Prime;][vc_column_text]<\/p>\n<p>&nbsp;<\/p>\n<p>&nbsp;<\/p>\n<p>&nbsp;<\/p>\n<p>&nbsp;<\/p>\n<p>[\/vc_column_text][\/vc_column][vc_column width=\u00a0\u00bb1\/3&Prime;][vc_btn title=\u00a0\u00bbL&rsquo;acheter\u00a0\u00bb color=\u00a0\u00bbwarning\u00a0\u00bb align=\u00a0\u00bbcenter\u00a0\u00bb link=\u00a0\u00bburl:https%3A%2F%2Fgrainesdelumiere.com%2Faccueil%2F62-khalil-et-la-colere.html||target:%20_blank\u00a0\u00bb][\/vc_column][vc_column width=\u00a0\u00bb1\/3&Prime;][vc_column_text]<\/p>\n<p>&nbsp;<\/p>\n<p>&nbsp;<\/p>\n<p>&nbsp;<\/p>\n<p>[\/vc_column_text][\/vc_column][\/vc_row]<\/p>\n<\/div>","protected":false},"excerpt":{"rendered":"<p>[vc_row][vc_column][vc_column_text] Retrouvez tous les r\u00e9sum\u00e9s de nos ouvrages sur cette page !\u00a0 [\/vc_column_text][vc_empty_space][rev_slider alias=\u00a0\u00bbslider_051&Prime;][\/vc_column][\/vc_row][vc_row][vc_column][vc_empty_space][\/vc_column][\/vc_row][vc_row][vc_column width=\u00a0\u00bb1\/3&Prime;][vc_column_text] Le secret de Chakir [\/vc_column_text][vc_empty_space][vc_single_image image=\u00a0\u00bb1885&Prime; alignment=\u00a0\u00bbcenter\u00a0\u00bb][vc_empty_space][vc_column_text] Le c\u0153ur de Chakir s&#8217;emplit de joie et [&hellip;]<\/p>\n","protected":false},"author":1,"featured_media":0,"parent":0,"menu_order":0,"comment_status":"closed","ping_status":"closed","template":"","meta":{"footnotes":""},"yoast_head":"<!-- This site is optimized with the Yoast SEO plugin v22.6 - https:\/\/yoast.com\/wordpress\/plugins\/seo\/ -->\n<title>Nos ouvrages - Graines de lumi\u00e8re - Nos ouvrages<\/title>\n<meta name=\"description\" content=\"Sur cette page, il est possible d&#039;avoir un aper\u00e7u sur tous nos ouvrages. Un r\u00e9sum\u00e9 vous permet de d\u00e9couvrir le livre et un lien facile pour l&#039;acheter !\" \/>\n<meta name=\"robots\" content=\"index, follow, max-snippet:-1, max-image-preview:large, max-video-preview:-1\" \/>\n<link rel=\"canonical\" href=\"https:\/\/grainesdelumiere.com\/blog\/nos-ouvrages\/\" \/>\n<meta property=\"og:locale\" content=\"fr_FR\" \/>\n<meta property=\"og:type\" content=\"article\" \/>\n<meta property=\"og:title\" content=\"Nos ouvrages - Graines de lumi\u00e8re - Nos ouvrages\" \/>\n<meta property=\"og:description\" content=\"Sur cette page, il est possible d&#039;avoir un aper\u00e7u sur tous nos ouvrages. Un r\u00e9sum\u00e9 vous permet de d\u00e9couvrir le livre et un lien facile pour l&#039;acheter !\" \/>\n<meta property=\"og:url\" content=\"https:\/\/grainesdelumiere.com\/blog\/nos-ouvrages\/\" \/>\n<meta property=\"og:site_name\" content=\"Graines de lumi\u00e8re\" \/>\n<meta property=\"article:modified_time\" content=\"2020-05-09T10:24:32+00:00\" \/>\n<meta name=\"twitter:card\" content=\"summary_large_image\" \/>\n<meta name=\"twitter:label1\" content=\"Dur\u00e9e de lecture estim\u00e9e\" \/>\n\t<meta name=\"twitter:data1\" content=\"5 minutes\" \/>\n<script type=\"application\/ld+json\" class=\"yoast-schema-graph\">{\"@context\":\"https:\/\/schema.org\",\"@graph\":[{\"@type\":\"WebPage\",\"@id\":\"https:\/\/grainesdelumiere.com\/blog\/nos-ouvrages\/\",\"url\":\"https:\/\/grainesdelumiere.com\/blog\/nos-ouvrages\/\",\"name\":\"Nos ouvrages - Graines de lumi\u00e8re - Nos ouvrages\",\"isPartOf\":{\"@id\":\"https:\/\/grainesdelumiere.com\/blog\/#website\"},\"datePublished\":\"2020-03-10T14:03:10+00:00\",\"dateModified\":\"2020-05-09T10:24:32+00:00\",\"description\":\"Sur cette page, il est possible d'avoir un aper\u00e7u sur tous nos ouvrages. Un r\u00e9sum\u00e9 vous permet de d\u00e9couvrir le livre et un lien facile pour l'acheter !\",\"breadcrumb\":{\"@id\":\"https:\/\/grainesdelumiere.com\/blog\/nos-ouvrages\/#breadcrumb\"},\"inLanguage\":\"fr-FR\",\"potentialAction\":[{\"@type\":\"ReadAction\",\"target\":[\"https:\/\/grainesdelumiere.com\/blog\/nos-ouvrages\/\"]}]},{\"@type\":\"BreadcrumbList\",\"@id\":\"https:\/\/grainesdelumiere.com\/blog\/nos-ouvrages\/#breadcrumb\",\"itemListElement\":[{\"@type\":\"ListItem\",\"position\":1,\"name\":\"Accueil\",\"item\":\"https:\/\/grainesdelumiere.com\/blog\/\"},{\"@type\":\"ListItem\",\"position\":2,\"name\":\"Nos ouvrages\"}]},{\"@type\":\"WebSite\",\"@id\":\"https:\/\/grainesdelumiere.com\/blog\/#website\",\"url\":\"https:\/\/grainesdelumiere.com\/blog\/\",\"name\":\"Graines de lumi\u00e8re\",\"description\":\"Maison d&#039;\u00e9dition est d\u00e9di\u00e9e \u00e0 la spiritualit\u00e9 de la jeunesse musulmane.  Pour apprendre l&#039;islam et construire la personnalit\u00e9 des petits musulmans de demain. \",\"potentialAction\":[{\"@type\":\"SearchAction\",\"target\":{\"@type\":\"EntryPoint\",\"urlTemplate\":\"https:\/\/grainesdelumiere.com\/blog\/?s={search_term_string}\"},\"query-input\":\"required name=search_term_string\"}],\"inLanguage\":\"fr-FR\"}]}<\/script>\n<!-- \/ Yoast SEO plugin. -->","yoast_head_json":{"title":"Nos ouvrages - Graines de lumi\u00e8re - Nos ouvrages","description":"Sur cette page, il est possible d'avoir un aper\u00e7u sur tous nos ouvrages. Un r\u00e9sum\u00e9 vous permet de d\u00e9couvrir le livre et un lien facile pour l'acheter !","robots":{"index":"index","follow":"follow","max-snippet":"max-snippet:-1","max-image-preview":"max-image-preview:large","max-video-preview":"max-video-preview:-1"},"canonical":"https:\/\/grainesdelumiere.com\/blog\/nos-ouvrages\/","og_locale":"fr_FR","og_type":"article","og_title":"Nos ouvrages - Graines de lumi\u00e8re - Nos ouvrages","og_description":"Sur cette page, il est possible d'avoir un aper\u00e7u sur tous nos ouvrages. Un r\u00e9sum\u00e9 vous permet de d\u00e9couvrir le livre et un lien facile pour l'acheter !","og_url":"https:\/\/grainesdelumiere.com\/blog\/nos-ouvrages\/","og_site_name":"Graines de lumi\u00e8re","article_modified_time":"2020-05-09T10:24:32+00:00","twitter_card":"summary_large_image","twitter_misc":{"Dur\u00e9e de lecture estim\u00e9e":"5 minutes"},"schema":{"@context":"https:\/\/schema.org","@graph":[{"@type":"WebPage","@id":"https:\/\/grainesdelumiere.com\/blog\/nos-ouvrages\/","url":"https:\/\/grainesdelumiere.com\/blog\/nos-ouvrages\/","name":"Nos ouvrages - Graines de lumi\u00e8re - Nos ouvrages","isPartOf":{"@id":"https:\/\/grainesdelumiere.com\/blog\/#website"},"datePublished":"2020-03-10T14:03:10+00:00","dateModified":"2020-05-09T10:24:32+00:00","description":"Sur cette page, il est possible d'avoir un aper\u00e7u sur tous nos ouvrages. Un r\u00e9sum\u00e9 vous permet de d\u00e9couvrir le livre et un lien facile pour l'acheter !","breadcrumb":{"@id":"https:\/\/grainesdelumiere.com\/blog\/nos-ouvrages\/#breadcrumb"},"inLanguage":"fr-FR","potentialAction":[{"@type":"ReadAction","target":["https:\/\/grainesdelumiere.com\/blog\/nos-ouvrages\/"]}]},{"@type":"BreadcrumbList","@id":"https:\/\/grainesdelumiere.com\/blog\/nos-ouvrages\/#breadcrumb","itemListElement":[{"@type":"ListItem","position":1,"name":"Accueil","item":"https:\/\/grainesdelumiere.com\/blog\/"},{"@type":"ListItem","position":2,"name":"Nos ouvrages"}]},{"@type":"WebSite","@id":"https:\/\/grainesdelumiere.com\/blog\/#website","url":"https:\/\/grainesdelumiere.com\/blog\/","name":"Graines de lumi\u00e8re","description":"Maison d&#039;\u00e9dition est d\u00e9di\u00e9e \u00e0 la spiritualit\u00e9 de la jeunesse musulmane.  Pour apprendre l&#039;islam et construire la personnalit\u00e9 des petits musulmans de demain. ","potentialAction":[{"@type":"SearchAction","target":{"@type":"EntryPoint","urlTemplate":"https:\/\/grainesdelumiere.com\/blog\/?s={search_term_string}"},"query-input":"required name=search_term_string"}],"inLanguage":"fr-FR"}]}},"_links":{"self":[{"href":"https:\/\/grainesdelumiere.com\/blog\/wp-json\/wp\/v2\/pages\/2331"}],"collection":[{"href":"https:\/\/grainesdelumiere.com\/blog\/wp-json\/wp\/v2\/pages"}],"about":[{"href":"https:\/\/grainesdelumiere.com\/blog\/wp-json\/wp\/v2\/types\/page"}],"author":[{"embeddable":true,"href":"https:\/\/grainesdelumiere.com\/blog\/wp-json\/wp\/v2\/users\/1"}],"replies":[{"embeddable":true,"href":"https:\/\/grainesdelumiere.com\/blog\/wp-json\/wp\/v2\/comments?post=2331"}],"version-history":[{"count":61,"href":"https:\/\/grainesdelumiere.com\/blog\/wp-json\/wp\/v2\/pages\/2331\/revisions"}],"predecessor-version":[{"id":5555,"href":"https:\/\/grainesdelumiere.com\/blog\/wp-json\/wp\/v2\/pages\/2331\/revisions\/5555"}],"wp:attachment":[{"href":"https:\/\/grainesdelumiere.com\/blog\/wp-json\/wp\/v2\/media?parent=2331"}],"curies":[{"name":"wp","href":"https:\/\/api.w.org\/{rel}","templated":true}]}}