{"id":781,"date":"2015-03-09T07:40:18","date_gmt":"2015-03-09T06:40:18","guid":{"rendered":"http:\/\/themes.g5plus.net\/cupid\/?page_id=781"},"modified":"2020-04-25T19:55:06","modified_gmt":"2020-04-25T17:55:06","slug":"fiches-pedagogiques-activites","status":"publish","type":"page","link":"https:\/\/grainesdelumiere.com\/blog\/fiches-pedagogiques-activites\/","title":{"rendered":"Fiches p\u00e9dagogiques"},"content":{"rendered":"<div class=\"wpb-content-wrapper\"><p>[vc_row][vc_column][vc_column_text]<\/p>\n<h1 style=\"text-align: center;\"><span style=\"font-family: Pacifico;\">Retrouvez toutes nos fiches p\u00e9dagogiques pour travailler des comp\u00e9tences scolaires \u00e0 la maison !<\/span><\/h1>\n<p>[\/vc_column_text][vc_empty_space][rev_slider alias=\u00a0\u00bbslider_01&Prime;][vc_tta_accordion shape=\u00a0\u00bbsquare\u00a0\u00bb color=\u00a0\u00bbwhite\u00a0\u00bb active_section=\u00a0\u00bb1&Prime; collapsible_all=\u00a0\u00bbtrue\u00a0\u00bb][vc_tta_section title=\u00a0\u00bbFiche p\u00e9dagogique\u00a0\u00bb][vc_row_inner][vc_column_inner width=\u00a0\u00bb1\/4&Prime;][vc_column_text]<img decoding=\"async\" class=\"alignnone size-thumbnail wp-image-1885\" src=\"https:\/\/grainesdelumiere.com\/blog\/wp-content\/uploads\/2019\/11\/chakir1-blanc-150x150.jpg\" alt=\"Comment parler d'Allah\" width=\"150\" height=\"150\" \/>[\/vc_column_text][vc_btn title=\u00a0\u00bbIci\u00a0\u00bb color=\u00a0\u00bbpeacoc\u00a0\u00bb size=\u00a0\u00bbxs\u00a0\u00bb align=\u00a0\u00bbleft\u00a0\u00bb link=\u00a0\u00bburl:https%3A%2F%2Fgrainesdelumiere.com%2Faccueil%2F13-le-secret-de-chakir.html||target:%20_blank\u00a0\u00bb][\/vc_column_inner][vc_column_inner width=\u00a0\u00bb3\/4&Prime;][vc_column_text]<span style=\"font-family: Pacifico; font-size: 14pt;\">Du graphisme au d\u00e9nombrement, tout ce qu&rsquo;il vous faut pour travailler les comp\u00e9tences scolaires \u00e0 la maison \u00e0 travers l&rsquo;album <span style=\"color: #d93f36;\"><em>\u00ab\u00a0Le secret de Chakir\u00a0\u00bb.<\/em><\/span><\/span><\/p>\n<p>[\/vc_column_text][vc_custom_heading text=\u00a0\u00bbFiche le secret de chakir (MS\/GS)\u00a0\u00bb font_container=\u00a0\u00bbtag:h2|font_size:14|text_align:left\u00a0\u00bb google_fonts=\u00a0\u00bbfont_family:Pacifico%3Aregular|font_style:400%20regular%3A400%3Anormal\u00a0\u00bb][vc_btn title=\u00a0\u00bbT\u00e9l\u00e9charger \u00a0\u00bb style=\u00a0\u00bbflat\u00a0\u00bb color=\u00a0\u00bbviolet\u00a0\u00bb size=\u00a0\u00bbsm\u00a0\u00bb link=\u00a0\u00bburl:https%3A%2F%2Fgrainesdelumiere.com%2Fblog%2Fwp-content%2Fuploads%2F2020%2F03%2Fle-secret-de-chakir-fiche-lecture-et-graphisme-et-math.pdf||target:%20_blank\u00a0\u00bb][vc_empty_space][\/vc_column_inner][\/vc_row_inner][vc_row_inner][vc_column_inner width=\u00a0\u00bb1\/4&Prime;][vc_column_text]<img decoding=\"async\" class=\"alignnone size-thumbnail wp-image-1885\" src=\"https:\/\/grainesdelumiere.com\/blog\/wp-content\/uploads\/2019\/11\/chakir1-blanc-150x150.jpg\" alt=\"Comment parler d'Allah\" width=\"150\" height=\"150\" \/>[\/vc_column_text][vc_btn title=\u00a0\u00bbIci\u00a0\u00bb color=\u00a0\u00bbpeacoc\u00a0\u00bb size=\u00a0\u00bbxs\u00a0\u00bb align=\u00a0\u00bbleft\u00a0\u00bb link=\u00a0\u00bburl:https%3A%2F%2Fgrainesdelumiere.com%2Faccueil%2F13-le-secret-de-chakir.html||target:%20_blank\u00a0\u00bb][\/vc_column_inner][vc_column_inner width=\u00a0\u00bb3\/4&Prime;][vc_column_text]<span style=\"font-family: Pacifico; font-size: 14pt;\">Diff\u00e9rents exercices pour renforcer la lecture chez votre enfant.<\/span>[\/vc_column_text][vc_custom_heading text=\u00a0\u00bbFiche le secret de Chakir (CP\/CE1)\u00a0\u00bb font_container=\u00a0\u00bbtag:h2|font_size:14|text_align:left\u00a0\u00bb google_fonts=\u00a0\u00bbfont_family:Pacifico%3Aregular|font_style:400%20regular%3A400%3Anormal\u00a0\u00bb][vc_btn title=\u00a0\u00bbT\u00e9l\u00e9charger\u00a0\u00bb style=\u00a0\u00bbflat\u00a0\u00bb color=\u00a0\u00bbviolet\u00a0\u00bb size=\u00a0\u00bbsm\u00a0\u00bb link=\u00a0\u00bburl:https%3A%2F%2Fgrainesdelumiere.com%2Fblog%2Fwp-content%2Fuploads%2F2020%2F03%2Fle-secret-de-chakir-lecture-cp.pdf||target:%20_blank\u00a0\u00bb][vc_empty_space][\/vc_column_inner][\/vc_row_inner][vc_row_inner][vc_column_inner width=\u00a0\u00bb1\/4&Prime;][vc_column_text]<img decoding=\"async\" class=\"alignnone size-thumbnail wp-image-2409\" src=\"https:\/\/grainesdelumiere.com\/blog\/wp-content\/uploads\/2020\/03\/l-invite-de-chakir-150x150.jpg\" alt=\"Livre sur le mois de Ramadan\" width=\"150\" height=\"150\" srcset=\"https:\/\/grainesdelumiere.com\/blog\/wp-content\/uploads\/2020\/03\/l-invite-de-chakir-150x150.jpg 150w, https:\/\/grainesdelumiere.com\/blog\/wp-content\/uploads\/2020\/03\/l-invite-de-chakir-300x300.jpg 300w, https:\/\/grainesdelumiere.com\/blog\/wp-content\/uploads\/2020\/03\/l-invite-de-chakir.jpg 458w\" sizes=\"(max-width: 150px) 100vw, 150px\" \/>[\/vc_column_text][vc_btn title=\u00a0\u00bbIci\u00a0\u00bb color=\u00a0\u00bbviolet\u00a0\u00bb size=\u00a0\u00bbxs\u00a0\u00bb align=\u00a0\u00bbleft\u00a0\u00bb link=\u00a0\u00bburl:https%3A%2F%2Fgrainesdelumiere.com%2Faccueil%2F47-l-invite-de-chakir.html||target:%20_blank\u00a0\u00bb][\/vc_column_inner][vc_column_inner width=\u00a0\u00bb3\/4&Prime;][vc_empty_space][vc_column_text]<span style=\"font-family: Pacifico; font-size: 14pt;\">Diff\u00e9rents exercices pour renforcer la lecture chez votre enfant.<\/span><\/p>\n<p style=\"text-align: center;\"><span style=\"font-family: Pacifico;\">maternelle<\/span><\/p>\n<p>[\/vc_column_text][vc_custom_heading text=\u00a0\u00bbL&rsquo;invit\u00e9 de Chakir lecture mater\u00a0\u00bb font_container=\u00a0\u00bbtag:h2|font_size:14|text_align:left\u00a0\u00bb google_fonts=\u00a0\u00bbfont_family:Pacifico%3Aregular|font_style:400%20regular%3A400%3Anormal\u00a0\u00bb][vc_btn title=\u00a0\u00bbT\u00e9l\u00e9charger\u00a0\u00bb style=\u00a0\u00bbflat\u00a0\u00bb color=\u00a0\u00bbviolet\u00a0\u00bb size=\u00a0\u00bbsm\u00a0\u00bb link=\u00a0\u00bburl:https%3A%2F%2Fgrainesdelumiere.com%2Fblog%2Fwp-content%2Fuploads%2F2020%2F04%2Flinvit%C3%A9-de-chakir-mater.pdf||target:%20_blank\u00a0\u00bb][\/vc_column_inner][\/vc_row_inner][vc_row_inner][vc_column_inner width=\u00a0\u00bb1\/4&Prime;][vc_column_text]<img decoding=\"async\" class=\"alignnone size-thumbnail wp-image-2409\" src=\"https:\/\/grainesdelumiere.com\/blog\/wp-content\/uploads\/2020\/03\/l-invite-de-chakir-150x150.jpg\" alt=\"Livre sur le mois de Ramadan\" width=\"150\" height=\"150\" srcset=\"https:\/\/grainesdelumiere.com\/blog\/wp-content\/uploads\/2020\/03\/l-invite-de-chakir-150x150.jpg 150w, https:\/\/grainesdelumiere.com\/blog\/wp-content\/uploads\/2020\/03\/l-invite-de-chakir-300x300.jpg 300w, https:\/\/grainesdelumiere.com\/blog\/wp-content\/uploads\/2020\/03\/l-invite-de-chakir.jpg 458w\" sizes=\"(max-width: 150px) 100vw, 150px\" \/>[\/vc_column_text][vc_btn title=\u00a0\u00bbIci\u00a0\u00bb color=\u00a0\u00bbviolet\u00a0\u00bb size=\u00a0\u00bbxs\u00a0\u00bb align=\u00a0\u00bbleft\u00a0\u00bb link=\u00a0\u00bburl:https%3A%2F%2Fgrainesdelumiere.com%2Faccueil%2F47-l-invite-de-chakir.html||target:%20_blank\u00a0\u00bb][\/vc_column_inner][vc_column_inner width=\u00a0\u00bb3\/4&Prime;][vc_empty_space][vc_column_text]<span style=\"font-family: Pacifico; font-size: 14pt;\">Diff\u00e9rents exercices pour renforcer la lecture chez votre enfant.<\/span>[\/vc_column_text][vc_custom_heading text=\u00a0\u00bbL&rsquo;invit\u00e9 de Chakir d\u00e9butant lecture\u00a0\u00bb font_container=\u00a0\u00bbtag:h2|font_size:14|text_align:left\u00a0\u00bb google_fonts=\u00a0\u00bbfont_family:Pacifico%3Aregular|font_style:400%20regular%3A400%3Anormal\u00a0\u00bb][vc_btn title=\u00a0\u00bbT\u00e9l\u00e9charger\u00a0\u00bb style=\u00a0\u00bbflat\u00a0\u00bb color=\u00a0\u00bbviolet\u00a0\u00bb size=\u00a0\u00bbsm\u00a0\u00bb link=\u00a0\u00bburl:https%3A%2F%2Fgrainesdelumiere.com%2Fblog%2Fwp-content%2Fuploads%2F2020%2F04%2Flinvit%C3%A9-de-chakir-d%C3%A9butant-lecture.pdf||target:%20_blank\u00a0\u00bb][\/vc_column_inner][\/vc_row_inner][vc_row_inner][vc_column_inner width=\u00a0\u00bb1\/4&Prime;][vc_column_text]<img decoding=\"async\" class=\"alignnone size-thumbnail wp-image-2409\" src=\"https:\/\/grainesdelumiere.com\/blog\/wp-content\/uploads\/2020\/03\/l-invite-de-chakir-150x150.jpg\" alt=\"Livre sur le mois de Ramadan\" width=\"150\" height=\"150\" srcset=\"https:\/\/grainesdelumiere.com\/blog\/wp-content\/uploads\/2020\/03\/l-invite-de-chakir-150x150.jpg 150w, https:\/\/grainesdelumiere.com\/blog\/wp-content\/uploads\/2020\/03\/l-invite-de-chakir-300x300.jpg 300w, https:\/\/grainesdelumiere.com\/blog\/wp-content\/uploads\/2020\/03\/l-invite-de-chakir.jpg 458w\" sizes=\"(max-width: 150px) 100vw, 150px\" \/>[\/vc_column_text][vc_btn title=\u00a0\u00bbIci\u00a0\u00bb color=\u00a0\u00bbviolet\u00a0\u00bb size=\u00a0\u00bbxs\u00a0\u00bb align=\u00a0\u00bbleft\u00a0\u00bb link=\u00a0\u00bburl:https%3A%2F%2Fgrainesdelumiere.com%2Faccueil%2F47-l-invite-de-chakir.html||target:%20_blank\u00a0\u00bb][\/vc_column_inner][vc_column_inner width=\u00a0\u00bb3\/4&Prime;][vc_column_text]<span style=\"font-family: Pacifico; font-size: 14pt;\">Mots m\u00eal\u00e9s, mots crois\u00e9s, charades, questions, r\u00e9dactions,.. tout ce qu&rsquo;il faut pour travailler le fran\u00e7ais de fa\u00e7on originale.\u00a0<\/span><\/p>\n<p style=\"text-align: center;\"><span style=\"font-family: Pacifico;\">A partir du CE1<\/span><\/p>\n<p>[\/vc_column_text][vc_custom_heading text=\u00a0\u00bbFiche l&rsquo;invit\u00e9 de Chakir lecteur expert\u00a0\u00bb font_container=\u00a0\u00bbtag:h2|font_size:14|text_align:left\u00a0\u00bb google_fonts=\u00a0\u00bbfont_family:Pacifico%3Aregular|font_style:400%20regular%3A400%3Anormal\u00a0\u00bb][vc_btn title=\u00a0\u00bbT\u00e9l\u00e9charger\u00a0\u00bb style=\u00a0\u00bbflat\u00a0\u00bb color=\u00a0\u00bbviolet\u00a0\u00bb size=\u00a0\u00bbsm\u00a0\u00bb link=\u00a0\u00bburl:https%3A%2F%2Fgrainesdelumiere.com%2Fblog%2Fwp-content%2Fuploads%2F2020%2F04%2Flinvite%CC%81-de-chakir-lecteur-expert.pdf||target:%20_blank\u00a0\u00bb][vc_empty_space][\/vc_column_inner][\/vc_row_inner][vc_row_inner][vc_column_inner width=\u00a0\u00bb1\/4&Prime;][vc_column_text]<img decoding=\"async\" class=\"alignnone size-thumbnail wp-image-3291\" src=\"https:\/\/grainesdelumiere.com\/blog\/wp-content\/uploads\/2020\/04\/20200405_132412-150x150.jpg\" alt=\"\" width=\"150\" height=\"150\" srcset=\"https:\/\/grainesdelumiere.com\/blog\/wp-content\/uploads\/2020\/04\/20200405_132412-150x150.jpg 150w, https:\/\/grainesdelumiere.com\/blog\/wp-content\/uploads\/2020\/04\/20200405_132412-600x600.jpg 600w\" sizes=\"(max-width: 150px) 100vw, 150px\" \/>[\/vc_column_text][vc_btn title=\u00a0\u00bbIci\u00a0\u00bb color=\u00a0\u00bbblack\u00a0\u00bb size=\u00a0\u00bbxs\u00a0\u00bb align=\u00a0\u00bbleft\u00a0\u00bb link=\u00a0\u00bburl:https%3A%2F%2Fgrainesdelumiere.com%2Fblog%2Factivite-autour-du-mot-allah%2F||target:%20_blank\u00a0\u00bb][\/vc_column_inner][vc_column_inner width=\u00a0\u00bb3\/4&Prime;][vc_empty_space][vc_column_text]<span style=\"font-family: Pacifico; font-size: large;\">Voici le pochoir que vous pouvez imprimer pour faire l&rsquo;activit\u00e9\u00a0artistique autour du mot Allah \u00a0!<\/span>[\/vc_column_text][vc_custom_heading text=\u00a0\u00bbPochoir avec le mot Allah\u00a0\u00bb font_container=\u00a0\u00bbtag:h2|font_size:14|text_align:left\u00a0\u00bb google_fonts=\u00a0\u00bbfont_family:Pacifico%3Aregular|font_style:400%20regular%3A400%3Anormal\u00a0\u00bb][vc_btn title=\u00a0\u00bbT\u00e9l\u00e9charger\u00a0\u00bb style=\u00a0\u00bbflat\u00a0\u00bb color=\u00a0\u00bbviolet\u00a0\u00bb size=\u00a0\u00bbsm\u00a0\u00bb link=\u00a0\u00bburl:https%3A%2F%2Fgrainesdelumiere.com%2Fblog%2Fwp-content%2Fuploads%2F2020%2F04%2Fle-mot-Allah-.pdf||target:%20_blank\u00a0\u00bb][\/vc_column_inner][\/vc_row_inner][\/vc_tta_section][\/vc_tta_accordion][\/vc_column][\/vc_row]<\/p>\n<\/div>","protected":false},"excerpt":{"rendered":"<p>[vc_row][vc_column][vc_column_text] Retrouvez toutes nos fiches p\u00e9dagogiques pour travailler des comp\u00e9tences scolaires \u00e0 la maison ! [\/vc_column_text][vc_empty_space][rev_slider alias=\u00a0\u00bbslider_01&Prime;][vc_tta_accordion shape=\u00a0\u00bbsquare\u00a0\u00bb color=\u00a0\u00bbwhite\u00a0\u00bb active_section=\u00a0\u00bb1&Prime; collapsible_all=\u00a0\u00bbtrue\u00a0\u00bb][vc_tta_section title=\u00a0\u00bbFiche p\u00e9dagogique\u00a0\u00bb][vc_row_inner][vc_column_inner width=\u00a0\u00bb1\/4&Prime;][vc_column_text][\/vc_column_text][vc_btn title=\u00a0\u00bbIci\u00a0\u00bb color=\u00a0\u00bbpeacoc\u00a0\u00bb size=\u00a0\u00bbxs\u00a0\u00bb align=\u00a0\u00bbleft\u00a0\u00bb link=\u00a0\u00bburl:https%3A%2F%2Fgrainesdelumiere.com%2Faccueil%2F13-le-secret-de-chakir.html||target:%20_blank\u00a0\u00bb][\/vc_column_inner][vc_column_inner width=\u00a0\u00bb3\/4&Prime;][vc_column_text]Du [&hellip;]<\/p>\n","protected":false},"author":1,"featured_media":0,"parent":0,"menu_order":0,"comment_status":"closed","ping_status":"closed","template":"","meta":{"footnotes":""},"yoast_head":"<!-- This site is optimized with the Yoast SEO plugin v22.6 - https:\/\/yoast.com\/wordpress\/plugins\/seo\/ -->\n<title>Fiches p\u00e9dagogiques - Graines de lumi\u00e8re - Fiches p\u00e9dagogiques<\/title>\n<meta name=\"description\" content=\"Retrouvez nos fiches p\u00e9dagogiques au format pdf. De la maternelle \u00e0 la primaire, des fiches originales pour travailler des comp\u00e9tences scolaires.\" \/>\n<meta name=\"robots\" content=\"index, follow, max-snippet:-1, max-image-preview:large, max-video-preview:-1\" \/>\n<link rel=\"canonical\" href=\"https:\/\/grainesdelumiere.com\/blog\/fiches-pedagogiques-activites\/\" \/>\n<meta property=\"og:locale\" content=\"fr_FR\" \/>\n<meta property=\"og:type\" content=\"article\" \/>\n<meta property=\"og:title\" content=\"Fiches p\u00e9dagogiques - Graines de lumi\u00e8re - Fiches p\u00e9dagogiques\" \/>\n<meta property=\"og:description\" content=\"Retrouvez nos fiches p\u00e9dagogiques au format pdf. De la maternelle \u00e0 la primaire, des fiches originales pour travailler des comp\u00e9tences scolaires.\" \/>\n<meta property=\"og:url\" content=\"https:\/\/grainesdelumiere.com\/blog\/fiches-pedagogiques-activites\/\" \/>\n<meta property=\"og:site_name\" content=\"Graines de lumi\u00e8re\" \/>\n<meta property=\"article:modified_time\" content=\"2020-04-25T17:55:06+00:00\" \/>\n<meta property=\"og:image\" content=\"https:\/\/grainesdelumiere.com\/blog\/wp-content\/uploads\/2019\/11\/chakir1-blanc-150x150.jpg\" \/>\n<meta name=\"twitter:card\" content=\"summary_large_image\" \/>\n<meta name=\"twitter:label1\" content=\"Dur\u00e9e de lecture estim\u00e9e\" \/>\n\t<meta name=\"twitter:data1\" content=\"4 minutes\" \/>\n<script type=\"application\/ld+json\" class=\"yoast-schema-graph\">{\"@context\":\"https:\/\/schema.org\",\"@graph\":[{\"@type\":\"WebPage\",\"@id\":\"https:\/\/grainesdelumiere.com\/blog\/fiches-pedagogiques-activites\/\",\"url\":\"https:\/\/grainesdelumiere.com\/blog\/fiches-pedagogiques-activites\/\",\"name\":\"Fiches p\u00e9dagogiques - Graines de lumi\u00e8re - Fiches p\u00e9dagogiques\",\"isPartOf\":{\"@id\":\"https:\/\/grainesdelumiere.com\/blog\/#website\"},\"primaryImageOfPage\":{\"@id\":\"https:\/\/grainesdelumiere.com\/blog\/fiches-pedagogiques-activites\/#primaryimage\"},\"image\":{\"@id\":\"https:\/\/grainesdelumiere.com\/blog\/fiches-pedagogiques-activites\/#primaryimage\"},\"thumbnailUrl\":\"https:\/\/grainesdelumiere.com\/blog\/wp-content\/uploads\/2019\/11\/chakir1-blanc-150x150.jpg\",\"datePublished\":\"2015-03-09T06:40:18+00:00\",\"dateModified\":\"2020-04-25T17:55:06+00:00\",\"description\":\"Retrouvez nos fiches p\u00e9dagogiques au format pdf. De la maternelle \u00e0 la primaire, des fiches originales pour travailler des comp\u00e9tences scolaires.\",\"breadcrumb\":{\"@id\":\"https:\/\/grainesdelumiere.com\/blog\/fiches-pedagogiques-activites\/#breadcrumb\"},\"inLanguage\":\"fr-FR\",\"potentialAction\":[{\"@type\":\"ReadAction\",\"target\":[\"https:\/\/grainesdelumiere.com\/blog\/fiches-pedagogiques-activites\/\"]}]},{\"@type\":\"ImageObject\",\"inLanguage\":\"fr-FR\",\"@id\":\"https:\/\/grainesdelumiere.com\/blog\/fiches-pedagogiques-activites\/#primaryimage\",\"url\":\"https:\/\/grainesdelumiere.com\/blog\/wp-content\/uploads\/2019\/11\/chakir1-blanc-150x150.jpg\",\"contentUrl\":\"https:\/\/grainesdelumiere.com\/blog\/wp-content\/uploads\/2019\/11\/chakir1-blanc-150x150.jpg\"},{\"@type\":\"BreadcrumbList\",\"@id\":\"https:\/\/grainesdelumiere.com\/blog\/fiches-pedagogiques-activites\/#breadcrumb\",\"itemListElement\":[{\"@type\":\"ListItem\",\"position\":1,\"name\":\"Accueil\",\"item\":\"https:\/\/grainesdelumiere.com\/blog\/\"},{\"@type\":\"ListItem\",\"position\":2,\"name\":\"Fiches p\u00e9dagogiques\"}]},{\"@type\":\"WebSite\",\"@id\":\"https:\/\/grainesdelumiere.com\/blog\/#website\",\"url\":\"https:\/\/grainesdelumiere.com\/blog\/\",\"name\":\"Graines de lumi\u00e8re\",\"description\":\"Maison d&#039;\u00e9dition est d\u00e9di\u00e9e \u00e0 la spiritualit\u00e9 de la jeunesse musulmane.  Pour apprendre l&#039;islam et construire la personnalit\u00e9 des petits musulmans de demain. \",\"potentialAction\":[{\"@type\":\"SearchAction\",\"target\":{\"@type\":\"EntryPoint\",\"urlTemplate\":\"https:\/\/grainesdelumiere.com\/blog\/?s={search_term_string}\"},\"query-input\":\"required name=search_term_string\"}],\"inLanguage\":\"fr-FR\"}]}<\/script>\n<!-- \/ Yoast SEO plugin. -->","yoast_head_json":{"title":"Fiches p\u00e9dagogiques - Graines de lumi\u00e8re - Fiches p\u00e9dagogiques","description":"Retrouvez nos fiches p\u00e9dagogiques au format pdf. De la maternelle \u00e0 la primaire, des fiches originales pour travailler des comp\u00e9tences scolaires.","robots":{"index":"index","follow":"follow","max-snippet":"max-snippet:-1","max-image-preview":"max-image-preview:large","max-video-preview":"max-video-preview:-1"},"canonical":"https:\/\/grainesdelumiere.com\/blog\/fiches-pedagogiques-activites\/","og_locale":"fr_FR","og_type":"article","og_title":"Fiches p\u00e9dagogiques - Graines de lumi\u00e8re - Fiches p\u00e9dagogiques","og_description":"Retrouvez nos fiches p\u00e9dagogiques au format pdf. De la maternelle \u00e0 la primaire, des fiches originales pour travailler des comp\u00e9tences scolaires.","og_url":"https:\/\/grainesdelumiere.com\/blog\/fiches-pedagogiques-activites\/","og_site_name":"Graines de lumi\u00e8re","article_modified_time":"2020-04-25T17:55:06+00:00","og_image":[{"url":"https:\/\/grainesdelumiere.com\/blog\/wp-content\/uploads\/2019\/11\/chakir1-blanc-150x150.jpg"}],"twitter_card":"summary_large_image","twitter_misc":{"Dur\u00e9e de lecture estim\u00e9e":"4 minutes"},"schema":{"@context":"https:\/\/schema.org","@graph":[{"@type":"WebPage","@id":"https:\/\/grainesdelumiere.com\/blog\/fiches-pedagogiques-activites\/","url":"https:\/\/grainesdelumiere.com\/blog\/fiches-pedagogiques-activites\/","name":"Fiches p\u00e9dagogiques - Graines de lumi\u00e8re - Fiches p\u00e9dagogiques","isPartOf":{"@id":"https:\/\/grainesdelumiere.com\/blog\/#website"},"primaryImageOfPage":{"@id":"https:\/\/grainesdelumiere.com\/blog\/fiches-pedagogiques-activites\/#primaryimage"},"image":{"@id":"https:\/\/grainesdelumiere.com\/blog\/fiches-pedagogiques-activites\/#primaryimage"},"thumbnailUrl":"https:\/\/grainesdelumiere.com\/blog\/wp-content\/uploads\/2019\/11\/chakir1-blanc-150x150.jpg","datePublished":"2015-03-09T06:40:18+00:00","dateModified":"2020-04-25T17:55:06+00:00","description":"Retrouvez nos fiches p\u00e9dagogiques au format pdf. De la maternelle \u00e0 la primaire, des fiches originales pour travailler des comp\u00e9tences scolaires.","breadcrumb":{"@id":"https:\/\/grainesdelumiere.com\/blog\/fiches-pedagogiques-activites\/#breadcrumb"},"inLanguage":"fr-FR","potentialAction":[{"@type":"ReadAction","target":["https:\/\/grainesdelumiere.com\/blog\/fiches-pedagogiques-activites\/"]}]},{"@type":"ImageObject","inLanguage":"fr-FR","@id":"https:\/\/grainesdelumiere.com\/blog\/fiches-pedagogiques-activites\/#primaryimage","url":"https:\/\/grainesdelumiere.com\/blog\/wp-content\/uploads\/2019\/11\/chakir1-blanc-150x150.jpg","contentUrl":"https:\/\/grainesdelumiere.com\/blog\/wp-content\/uploads\/2019\/11\/chakir1-blanc-150x150.jpg"},{"@type":"BreadcrumbList","@id":"https:\/\/grainesdelumiere.com\/blog\/fiches-pedagogiques-activites\/#breadcrumb","itemListElement":[{"@type":"ListItem","position":1,"name":"Accueil","item":"https:\/\/grainesdelumiere.com\/blog\/"},{"@type":"ListItem","position":2,"name":"Fiches p\u00e9dagogiques"}]},{"@type":"WebSite","@id":"https:\/\/grainesdelumiere.com\/blog\/#website","url":"https:\/\/grainesdelumiere.com\/blog\/","name":"Graines de lumi\u00e8re","description":"Maison d&#039;\u00e9dition est d\u00e9di\u00e9e \u00e0 la spiritualit\u00e9 de la jeunesse musulmane.  Pour apprendre l&#039;islam et construire la personnalit\u00e9 des petits musulmans de demain. ","potentialAction":[{"@type":"SearchAction","target":{"@type":"EntryPoint","urlTemplate":"https:\/\/grainesdelumiere.com\/blog\/?s={search_term_string}"},"query-input":"required name=search_term_string"}],"inLanguage":"fr-FR"}]}},"_links":{"self":[{"href":"https:\/\/grainesdelumiere.com\/blog\/wp-json\/wp\/v2\/pages\/781"}],"collection":[{"href":"https:\/\/grainesdelumiere.com\/blog\/wp-json\/wp\/v2\/pages"}],"about":[{"href":"https:\/\/grainesdelumiere.com\/blog\/wp-json\/wp\/v2\/types\/page"}],"author":[{"embeddable":true,"href":"https:\/\/grainesdelumiere.com\/blog\/wp-json\/wp\/v2\/users\/1"}],"replies":[{"embeddable":true,"href":"https:\/\/grainesdelumiere.com\/blog\/wp-json\/wp\/v2\/comments?post=781"}],"version-history":[{"count":42,"href":"https:\/\/grainesdelumiere.com\/blog\/wp-json\/wp\/v2\/pages\/781\/revisions"}],"predecessor-version":[{"id":5080,"href":"https:\/\/grainesdelumiere.com\/blog\/wp-json\/wp\/v2\/pages\/781\/revisions\/5080"}],"wp:attachment":[{"href":"https:\/\/grainesdelumiere.com\/blog\/wp-json\/wp\/v2\/media?parent=781"}],"curies":[{"name":"wp","href":"https:\/\/api.w.org\/{rel}","templated":true}]}}